{"id":825,"date":"2023-08-31T02:01:06","date_gmt":"2023-08-31T02:01:06","guid":{"rendered":"https:\/\/live.21lab.co\/mlab\/?page_id=825"},"modified":"2025-11-02T19:11:18","modified_gmt":"2025-11-02T19:11:18","slug":"mission-and-vision","status":"publish","type":"page","link":"https:\/\/digital-egypt.com\/en\/mission-and-vision\/","title":{"rendered":"Mission and Vision"},"content":{"rendered":"<div data-elementor-type=\"wp-page\" data-elementor-id=\"825\" class=\"elementor elementor-825\">\n\t\t\t\t\t\t<div class=\"elementor-section elementor-top-section elementor-element elementor-element-049f392 bgDark elementor-section-boxed elementor-section-height-default elementor-section-height-default\" data-id=\"049f392\" data-element_type=\"section\">\n\t\t\t\t\t\t\t<div class=\"elementor-background-overlay\"><\/div>\n\t\t\t\t\t\t\t<div class=\"elementor-container elementor-column-gap-extended\">\n\t\t\t\t\t<div class=\"elementor-column elementor-col-100 elementor-top-column elementor-element elementor-element-777b3d8\" data-id=\"777b3d8\" data-element_type=\"column\">\n\t\t\t<div class=\"elementor-widget-wrap elementor-element-populated\">\n\t\t\t\t\t\t<div class=\"elementor-element elementor-element-2cfbd2b elementor-widget elementor-widget-heading\" data-id=\"2cfbd2b\" data-element_type=\"widget\" data-widget_type=\"heading.default\">\n\t\t\t\t\t<h2 class=\"elementor-heading-title elementor-size-default\">Vision, mission et valeurs<\/h2>\t\t\t\t<\/div>\n\t\t\t\t<div class=\"elementor-element elementor-element-3738b6d ctaBox elementor-widget elementor-widget-html\" data-id=\"3738b6d\" data-element_type=\"widget\" data-widget_type=\"html.default\">\n\t\t\t\t\t<p class=\"grBtn\">\n\t<a class=\"button has-arrow white lg\" href=\"#\">Parlez \u00e0 nos experts<\/a>\n\t<span>Voici comment nos conseillers en fintech peuvent donner vie \u00e0 votre id\u00e9e.<\/span>\n<\/p>\t\t\t\t<\/div>\n\t\t\t\t\t<\/div>\n\t\t<\/div>\n\t\t\t\t\t<\/div>\n\t\t<\/div>\n\t\t\t\t<div class=\"elementor-section elementor-top-section elementor-element elementor-element-cab08be elementor-section-boxed elementor-section-height-default elementor-section-height-default\" data-id=\"cab08be\" data-element_type=\"section\">\n\t\t\t\t\t\t<div class=\"elementor-container elementor-column-gap-default\">\n\t\t\t\t\t<div class=\"elementor-column elementor-col-100 elementor-top-column elementor-element elementor-element-ca4a360\" data-id=\"ca4a360\" data-element_type=\"column\">\n\t\t\t<div class=\"elementor-widget-wrap elementor-element-populated\">\n\t\t\t\t\t\t<div class=\"elementor-element elementor-element-4e9b189 elementor-widget elementor-widget-heading\" data-id=\"4e9b189\" data-element_type=\"widget\" data-widget_type=\"heading.default\">\n\t\t\t\t\t<h6 class=\"elementor-heading-title elementor-size-default\">Notre valeur<\/h6>\t\t\t\t<\/div>\n\t\t\t\t<div class=\"elementor-element elementor-element-6cafd3d elementor-widget elementor-widget-heading\" data-id=\"6cafd3d\" data-element_type=\"widget\" data-widget_type=\"heading.default\">\n\t\t\t\t\t<h2 class=\"elementor-heading-title elementor-size-default\">La valeur que nous apportons \u00e0 nos clients et \u00e0 nos march\u00e9s<\/h2>\t\t\t\t<\/div>\n\t\t\t\t<div class=\"elementor-element elementor-element-9518296 elementor-widget elementor-widget-pp-content-reveal\" data-id=\"9518296\" data-element_type=\"widget\" data-settings=\"{&quot;default_content_state&quot;:&quot;unreveal&quot;}\" data-widget_type=\"pp-content-reveal.default\">\n\t\t\t\t\t\t\t<div class=\"pp-content-reveal-content-wrapper\" data-speed=\"0.5\" data-visibility=\"pixels\" data-scroll-top=\"yes\" data-content-height=\"230\">\n\t\t\t<div class=\"pp-content-reveal-content\">\n\t\t\t\t<p><span dir=\"auto\">Nous sommes une organisation guid\u00e9e par des valeurs. Une entreprise qui fonctionne selon ses valeurs est une entreprise qui atteindra toujours ses objectifs. Vous trouverez ci-dessous nos valeurs, auxquelles nous adh\u00e9rons pleinement et que nous respectons scrupuleusement dans notre travail comme dans notre vie. Notre raison d'\u00eatre d\u00e9crit notre r\u00f4le dans le monde, la valeur que nous apportons \u00e0 nos clients et \u00e0 nos march\u00e9s, ainsi que les engagements que nous avons pris envers nos employ\u00e9s et nos parties prenantes.<\/span><\/p><p>\u00a0<\/p><p><span dir=\"auto\">Nos valeurs constituent notre boussole \u00e9thique et morale et d\u00e9finissent la mani\u00e8re dont nous devons nous comporter les uns envers les autres et envers nos clients. Ensemble, elles forment le fondement sur lequel doivent se fonder toutes nos d\u00e9cisions.<\/span><\/p><p>\u00a0<\/p><p><span dir=\"auto\">Les valeurs de MLab influencent tout ce que nous faisons, de nos relations continues avec nos clients et partenaires \u00e0 nos interactions quotidiennes au sein de l'entreprise.<\/span><\/p><p>\u00a0<\/p><p><span dir=\"auto\">Afin de cultiver ces valeurs au sein de l'organisation, nous nous sommes assur\u00e9s que chaque membre de l'\u00e9quipe Digital Egypt. : exerce ses activit\u00e9s en accord avec nos valeurs et nos convictions ; comprenne notre mission d'\u00eatre reconnus comme un leader mondial de la Fintech et un facilitateur d'affaires performant, gr\u00e2ce \u00e0 nos 3 valeurs fondamentales :<\/span><\/p>\t\t\t<\/div>\n\t\t\t\t\t\t\t<div class=\"pp-content-reveal-saparator\"><\/div>\n\t\t\t\t\t<\/div>\n\t\t<div class=\"pp-content-reveal-buttons-wrapper\">\n\t\t\t<div class=\"pp-content-reveal-button-inner elementor-button elementor-size-md pp-button-icon-after\">\n\t\t\t\t<span class=\"pp-content-reveal-button pp-content-reveal-button-open\">\n\t\t\t\t\t<span class=\"pp-content-reveal-button-content\">\n\t\t\t\t\t\t\t\t\t\t\t\t\t<span class=\"pp-button-icon pp-icon\"><svg class=\"e-font-icon-svg e-fas-angle-up\" viewbox=\"0 0 320 512\" xmlns=\"http:\/\/www.w3.org\/2000\/svg\"><path d=\"M177 159.7l136 136c9.4 9.4 9.4 24.6 0 33.9l-22.6 22.6c-9.4 9.4-24.6 9.4-33.9 0L160 255.9l-96.4 96.4c-9.4 9.4-24.6 9.4-33.9 0L7 329.7c-9.4-9.4-9.4-24.6 0-33.9l136-136c9.4-9.5 24.6-9.5 34-.1z\"><\/path><\/svg><\/span>\n\t\t\t\t\t\t\t\t\t\t\t\t\t\t\t\t\t\t\t<span class=\"pp-content-reveal-button-text\">\n\t\t\t\t\t\t\t\tLire moins\t\t\t\t\t\t\t<\/span>\n\t\t\t\t\t\t\t\t\t\t\t<\/span>\n\t\t\t\t<\/span>\n\t\t\t\t<span class=\"pp-content-reveal-button pp-content-reveal-button-closed\">\n\t\t\t\t\t<span class=\"pp-content-reveal-button-content\">\n\t\t\t\t\t\t\t\t\t\t\t\t\t\t\t\t\t\t\t<span class=\"pp-content-reveal-button-text\">\n\t\t\t\t\t\t\t\tEn savoir plus\t\t\t\t\t\t\t<\/span>\n\t\t\t\t\t\t\t\t\t\t\t<\/span>\n\t\t\t\t<\/span>\n\t\t\t<\/div>\n\t\t<\/div>\n\t\t\t\t\t\t<\/div>\n\t\t\t\t<div class=\"elementor-element elementor-element-24933f2 pp-info-list-icon-top pp-info-list-stack-mobile pp-info-list-icon-horizontal-center elementor-widget elementor-widget-pp-info-list\" data-id=\"24933f2\" data-element_type=\"widget\" data-widget_type=\"pp-info-list.default\">\n\t\t\t\t\t\t\t<div class=\"pp-info-list-container pp-list-container pp-info-list-connector\">\n\t\t\t<ul class=\"pp-list-items\">\n\t\t\t\t\t\t\t\t\t\t\t\t\t\t\t<li class=\"pp-info-list-item\">\n\t\t\t\t\t\t\t\t\t\t\t\t\t\t\t\t\t\t\t\t\t\t<div class=\"pp-info-list-item-inner\">\n\t\t\t\t\t\t\t\t\t\t\t\t<div class=\"pp-infolist-icon-wrapper\">\n\t\t\t\t\t\t\t\t\t\t<span class=\"pp-info-list-image\"><img decoding=\"async\" src=\"https:\/\/digital-egypt.com\/wp-content\/uploads\/2023\/08\/scale.svg\" alt=\"scale\"><\/span>\n\t\t\t\t\t\t\t\t\t<\/div>\n\t\t\t\t\t\t\t\t\t\t\t\t<div class=\"pp-infolist-content-wrapper\">\n\t\t\t\t\t\t\t\t\t\t\t\t\t\t\t\t\t\t\t\t\t<div class=\"pp-info-list-title\">\n\t\t\t\t\t\t\t\t\t\t\t\t\t\t\t\t\t\t\t\t\t\t\t\u00c9thique\t\t\t\t\t\t\t\t\t\t\t\t\t\t\t\t\t\t\t\t\t\t<\/div>\n\t\t\t\t\t\t\t\t\t\t\t\t\t\t\t\t\t\t\t\t\t\t\t\t\t\t\t\t\t\t\t<div class=\"pp-info-list-description\">\n\t\t\t\t\t\t\t\t\t\t\t\tNous agissons en toute int\u00e9grit\u00e9 et honn\u00eatet\u00e9 en nous engageant, les uns envers les autres, \u00e0 respecter l&rsquo;\u00e9thique.\t\t\t\t\t\t\t\t\t\t\t<\/div>\n\t\t\t\t\t\t\t\t\t\t\t\t\t\t\t\t\t\t\t\t\t\t\t\t\t\t\t\t\t\t<\/div>\n\t\t\t\t\t\t\t\t<\/div>\n\t\t\t\t\t\t\t\t\t\t\t\t\t<\/li>\n\t\t\t\t\t\t\t\t\t\t\t\t\t\t\t\t\t\t\t\t\t<li class=\"pp-info-list-item\">\n\t\t\t\t\t\t\t\t\t\t\t\t\t\t\t\t\t\t\t\t\t\t<div class=\"pp-info-list-item-inner\">\n\t\t\t\t\t\t\t\t\t\t\t\t<div class=\"pp-infolist-icon-wrapper\">\n\t\t\t\t\t\t\t\t\t\t<span class=\"pp-info-list-image\"><img decoding=\"async\" src=\"https:\/\/digital-egypt.com\/wp-content\/uploads\/2023\/08\/watering-plants.svg\" alt=\"watering-plants\"><\/span>\n\t\t\t\t\t\t\t\t\t<\/div>\n\t\t\t\t\t\t\t\t\t\t\t\t<div class=\"pp-infolist-content-wrapper\">\n\t\t\t\t\t\t\t\t\t\t\t\t\t\t\t\t\t\t\t\t\t<div class=\"pp-info-list-title\">\n\t\t\t\t\t\t\t\t\t\t\t\t\t\t\t\t\t\t\t\t\t\t\tInnovation\t\t\t\t\t\t\t\t\t\t\t\t\t\t\t\t\t\t\t\t\t\t<\/div>\n\t\t\t\t\t\t\t\t\t\t\t\t\t\t\t\t\t\t\t\t\t\t\t\t\t\t\t\t\t\t\t<div class=\"pp-info-list-description\">\n\t\t\t\t\t\t\t\t\t\t\t\tInnover pour servir nos clients, stimuler notre croissance et r\u00e9ussir dans des environnements commerciaux dynamiques.\t\t\t\t\t\t\t\t\t\t\t<\/div>\n\t\t\t\t\t\t\t\t\t\t\t\t\t\t\t\t\t\t\t\t\t\t\t\t\t\t\t\t\t\t<\/div>\n\t\t\t\t\t\t\t\t<\/div>\n\t\t\t\t\t\t\t\t\t\t\t\t\t<\/li>\n\t\t\t\t\t\t\t\t\t\t\t\t\t\t\t\t\t\t\t\t\t<li class=\"pp-info-list-item\">\n\t\t\t\t\t\t\t\t\t\t\t\t\t\t\t\t\t\t\t\t\t\t<div class=\"pp-info-list-item-inner\">\n\t\t\t\t\t\t\t\t\t\t\t\t<div class=\"pp-infolist-icon-wrapper\">\n\t\t\t\t\t\t\t\t\t\t<span class=\"pp-info-list-image\"><img decoding=\"async\" src=\"https:\/\/digital-egypt.com\/wp-content\/uploads\/2023\/08\/diamond.svg\" alt=\"diamond\"><\/span>\n\t\t\t\t\t\t\t\t\t<\/div>\n\t\t\t\t\t\t\t\t\t\t\t\t<div class=\"pp-infolist-content-wrapper\">\n\t\t\t\t\t\t\t\t\t\t\t\t\t\t\t\t\t\t\t\t\t<div class=\"pp-info-list-title\">\n\t\t\t\t\t\t\t\t\t\t\t\t\t\t\t\t\t\t\t\t\t\t\tQualit\u00e9\t\t\t\t\t\t\t\t\t\t\t\t\t\t\t\t\t\t\t\t\t\t<\/div>\n\t\t\t\t\t\t\t\t\t\t\t\t\t\t\t\t\t\t\t\t\t\t\t\t\t\t\t\t\t\t\t<div class=\"pp-info-list-description\">\n\t\t\t\t\t\t\t\t\t\t\t\tNous obtenons des r\u00e9sultats, en excellant dans un travail qui a un impact positif sur le monde.\t\t\t\t\t\t\t\t\t\t\t<\/div>\n\t\t\t\t\t\t\t\t\t\t\t\t\t\t\t\t\t\t\t\t\t\t\t\t\t\t\t\t\t\t<\/div>\n\t\t\t\t\t\t\t\t<\/div>\n\t\t\t\t\t\t\t\t\t\t\t\t\t<\/li>\n\t\t\t\t\t\t\t\t\t\t\t\t\t<\/ul>\n\t\t<\/div>\n\t\t\t\t\t\t<\/div>\n\t\t\t\t\t<\/div>\n\t\t<\/div>\n\t\t\t\t\t<\/div>\n\t\t<\/div>\n\t\t\t\t<div class=\"elementor-section elementor-top-section elementor-element elementor-element-745cb56 elementor-section-boxed elementor-section-height-default elementor-section-height-default\" data-id=\"745cb56\" data-element_type=\"section\">\n\t\t\t\t\t\t<div class=\"elementor-container elementor-column-gap-extended\">\n\t\t\t\t\t<div class=\"elementor-column elementor-col-50 elementor-top-column elementor-element elementor-element-4c0a100\" data-id=\"4c0a100\" data-element_type=\"column\">\n\t\t\t<div class=\"elementor-widget-wrap elementor-element-populated\">\n\t\t\t\t\t\t<div class=\"elementor-element elementor-element-b40043c elementor-widget elementor-widget-image\" data-id=\"b40043c\" data-element_type=\"widget\" data-widget_type=\"image.default\">\n\t\t\t\t\t\t\t\t\t\t\t\t\t\t\t<img fetchpriority=\"high\" decoding=\"async\" width=\"470\" height=\"470\" src=\"https:\/\/digital-egypt.com\/wp-content\/uploads\/2023\/08\/img9.jpg\" class=\"attachment-large size-large wp-image-414\" alt=\"\" srcset=\"https:\/\/digital-egypt.com\/wp-content\/uploads\/2023\/08\/img9.jpg 470w, https:\/\/digital-egypt.com\/wp-content\/uploads\/2023\/08\/img9-300x300.jpg 300w, https:\/\/digital-egypt.com\/wp-content\/uploads\/2023\/08\/img9-150x150.jpg 150w\" sizes=\"(max-width: 470px) 100vw, 470px\" \/>\t\t\t\t\t\t\t\t\t\t\t\t\t\t\t<\/div>\n\t\t\t\t\t<\/div>\n\t\t<\/div>\n\t\t\t\t<div class=\"elementor-column elementor-col-50 elementor-top-column elementor-element elementor-element-d28e1cb\" data-id=\"d28e1cb\" data-element_type=\"column\">\n\t\t\t<div class=\"elementor-widget-wrap elementor-element-populated\">\n\t\t\t\t\t\t<div class=\"elementor-element elementor-element-2f8de27 elementor-widget-divider--view-line elementor-widget elementor-widget-divider\" data-id=\"2f8de27\" data-element_type=\"widget\" data-widget_type=\"divider.default\">\n\t\t\t\t\t\t\t<div class=\"elementor-divider\">\n\t\t\t<span class=\"elementor-divider-separator\">\n\t\t\t\t\t\t<\/span>\n\t\t<\/div>\n\t\t\t\t\t\t<\/div>\n\t\t\t\t<div class=\"elementor-element elementor-element-c764d27 elementor-widget elementor-widget-heading\" data-id=\"c764d27\" data-element_type=\"widget\" data-widget_type=\"heading.default\">\n\t\t\t\t\t<h6 class=\"elementor-heading-title elementor-size-default\">\nNotre vision<\/h6>\t\t\t\t<\/div>\n\t\t\t\t<div class=\"elementor-element elementor-element-a2c3e89 elementor-widget elementor-widget-heading\" data-id=\"a2c3e89\" data-element_type=\"widget\" data-widget_type=\"heading.default\">\n\t\t\t\t\t<h2 class=\"elementor-heading-title elementor-size-default\">La technologie simplifie le business.<\/h2>\t\t\t\t<\/div>\n\t\t\t\t<div class=\"elementor-element elementor-element-e19a0d0 elementor-widget elementor-widget-text-editor\" data-id=\"e19a0d0\" data-element_type=\"widget\" data-widget_type=\"text-editor.default\">\n\t\t\t\t\t\t\t\t\t<p><span dir=\"auto\">Depuis sa cr\u00e9ation, notre entreprise s&rsquo;est donn\u00e9 pour mission de proposer des services digitaux flexibles afin de simplifier le quotidien de nos clients. La digitalisation et la demande croissante de services financiers alternatifs ont motiv\u00e9 sa cr\u00e9ation en 2010.<\/span><\/p><p><span dir=\"auto\">L&rsquo;\u00e9quipe fondatrice \u00e9tait convaincue qu&rsquo;il \u00e9tait possible de r\u00e9ussir dans tout les secteurs en proposant des solutions de services digitaux de pointe. Cette m\u00eame vision a guid\u00e9 l&rsquo;entreprise avec succ\u00e8s jusqu&rsquo;\u00e0 aujourd&rsquo;hui.<\/span><\/p>\t\t\t\t\t\t\t\t<\/div>\n\t\t\t\t\t<\/div>\n\t\t<\/div>\n\t\t\t\t\t<\/div>\n\t\t<\/div>\n\t\t\t\t<div class=\"elementor-section elementor-top-section elementor-element elementor-element-af4b29c elementor-section-boxed elementor-section-height-default elementor-section-height-default\" data-id=\"af4b29c\" data-element_type=\"section\">\n\t\t\t\t\t\t<div class=\"elementor-container elementor-column-gap-extended\">\n\t\t\t\t\t<div class=\"elementor-column elementor-col-50 elementor-top-column elementor-element elementor-element-5f8377b\" data-id=\"5f8377b\" data-element_type=\"column\">\n\t\t\t<div class=\"elementor-widget-wrap elementor-element-populated\">\n\t\t\t\t\t\t<div class=\"elementor-element elementor-element-7c4a693 elementor-widget elementor-widget-image\" data-id=\"7c4a693\" data-element_type=\"widget\" data-widget_type=\"image.default\">\n\t\t\t\t\t\t\t\t\t\t\t\t\t\t\t<img decoding=\"async\" width=\"470\" height=\"470\" src=\"https:\/\/digital-egypt.com\/wp-content\/uploads\/2023\/08\/img10.jpg\" class=\"attachment-large size-large wp-image-415\" alt=\"\" srcset=\"https:\/\/digital-egypt.com\/wp-content\/uploads\/2023\/08\/img10.jpg 470w, https:\/\/digital-egypt.com\/wp-content\/uploads\/2023\/08\/img10-300x300.jpg 300w, https:\/\/digital-egypt.com\/wp-content\/uploads\/2023\/08\/img10-150x150.jpg 150w\" sizes=\"(max-width: 470px) 100vw, 470px\" \/>\t\t\t\t\t\t\t\t\t\t\t\t\t\t\t<\/div>\n\t\t\t\t\t<\/div>\n\t\t<\/div>\n\t\t\t\t<div class=\"elementor-column elementor-col-50 elementor-top-column elementor-element elementor-element-7106a00\" data-id=\"7106a00\" data-element_type=\"column\">\n\t\t\t<div class=\"elementor-widget-wrap elementor-element-populated\">\n\t\t\t\t\t\t<div class=\"elementor-element elementor-element-c1f0773 elementor-widget-divider--view-line elementor-widget elementor-widget-divider\" data-id=\"c1f0773\" data-element_type=\"widget\" data-widget_type=\"divider.default\">\n\t\t\t\t\t\t\t<div class=\"elementor-divider\">\n\t\t\t<span class=\"elementor-divider-separator\">\n\t\t\t\t\t\t<\/span>\n\t\t<\/div>\n\t\t\t\t\t\t<\/div>\n\t\t\t\t<div class=\"elementor-element elementor-element-6b664bb elementor-widget elementor-widget-heading\" data-id=\"6b664bb\" data-element_type=\"widget\" data-widget_type=\"heading.default\">\n\t\t\t\t\t<h6 class=\"elementor-heading-title elementor-size-default\">Notre mission<\/h6>\t\t\t\t<\/div>\n\t\t\t\t<div class=\"elementor-element elementor-element-7712dfb elementor-widget elementor-widget-heading\" data-id=\"7712dfb\" data-element_type=\"widget\" data-widget_type=\"heading.default\">\n\t\t\t\t\t<h2 class=\"elementor-heading-title elementor-size-default\">Fournir les meilleures solutions digitaux du march\u00e9<\/h2>\t\t\t\t<\/div>\n\t\t\t\t<div class=\"elementor-element elementor-element-d092399 elementor-widget elementor-widget-text-editor\" data-id=\"d092399\" data-element_type=\"widget\" data-widget_type=\"text-editor.default\">\n\t\t\t\t\t\t\t\t\t<p>Notre mission est de gagner la confiance de nos clients gr\u00e2ce \u00e0 une communication limpide, des conseils raisonnables et objectifs, ainsi qu&rsquo;\u00e0 un souci sinc\u00e8re et concret de leur croissance globale et \u00e0 long terme.<\/p>\t\t\t\t\t\t\t\t<\/div>\n\t\t\t\t\t<\/div>\n\t\t<\/div>\n\t\t\t\t\t<\/div>\n\t\t<\/div>\n\t\t\t\t<div class=\"elementor-section elementor-top-section elementor-element elementor-element-5118350 elementor-section-boxed elementor-section-height-default elementor-section-height-default\" data-id=\"5118350\" data-element_type=\"section\" data-settings=\"{&quot;background_background&quot;:&quot;classic&quot;}\">\n\t\t\t\t\t\t\t<div class=\"elementor-background-overlay\"><\/div>\n\t\t\t\t\t\t\t<div class=\"elementor-container elementor-column-gap-extended\">\n\t\t\t\t\t<div class=\"elementor-column elementor-col-50 elementor-top-column elementor-element elementor-element-e81899d\" data-id=\"e81899d\" data-element_type=\"column\">\n\t\t\t<div class=\"elementor-widget-wrap elementor-element-populated\">\n\t\t\t\t\t\t<div class=\"elementor-element elementor-element-0268937 elementor-widget elementor-widget-spacer\" data-id=\"0268937\" data-element_type=\"widget\" data-widget_type=\"spacer.default\">\n\t\t\t\t\t\t\t<div class=\"elementor-spacer\">\n\t\t\t<div class=\"elementor-spacer-inner\"><\/div>\n\t\t<\/div>\n\t\t\t\t\t\t<\/div>\n\t\t\t\t\t<\/div>\n\t\t<\/div>\n\t\t\t\t<div class=\"elementor-column elementor-col-50 elementor-top-column elementor-element elementor-element-047c19d\" data-id=\"047c19d\" data-element_type=\"column\">\n\t\t\t<div class=\"elementor-widget-wrap elementor-element-populated\">\n\t\t\t\t\t\t<div class=\"elementor-element elementor-element-d63d27a elementor-widget elementor-widget-heading\" data-id=\"d63d27a\" data-element_type=\"widget\" data-widget_type=\"heading.default\">\n\t\t\t\t\t<h6 class=\"elementor-heading-title elementor-size-default\">Notre \u00e9cosyst\u00e8me de partenaires<\/h6>\t\t\t\t<\/div>\n\t\t\t\t<div class=\"elementor-element elementor-element-1134e18 elementor-widget elementor-widget-heading\" data-id=\"1134e18\" data-element_type=\"widget\" data-widget_type=\"heading.default\">\n\t\t\t\t\t<h2 class=\"elementor-heading-title elementor-size-default\">Notre \u00e9cosyst\u00e8me collaboratif de leaders du march\u00e9 r\u00e9unit l'innovation de classe mondiale et l'expertise approfondie de ses partenaires pour innover pour l'avenir et cr\u00e9er de la valeur.<\/h2>\t\t\t\t<\/div>\n\t\t\t\t<div class=\"elementor-element elementor-element-bfadc8f elementor-widget elementor-widget-text-editor\" data-id=\"bfadc8f\" data-element_type=\"widget\" data-widget_type=\"text-editor.default\">\n\t\t\t\t\t\t\t\t\t<p><a class=\"link\" href=\"https:\/\/digital-egypt.com\/mission-and-vision\/#\"><span dir=\"auto\">Cliquez ici pour devenir partenaire.<\/span><\/a><\/p>\t\t\t\t\t\t\t\t<\/div>\n\t\t\t\t\t<\/div>\n\t\t<\/div>\n\t\t\t\t\t<\/div>\n\t\t<\/div>\n\t\t\t\t<\/div>","protected":false},"excerpt":{"rendered":"<p>Vision, mission et valeurs Parlez \u00e0 nos experts Voici comment nos conseillers en fintech peuvent donner vie \u00e0 votre id\u00e9e. Notre valeur La valeur que nous apportons \u00e0 nos clients et \u00e0 nos march\u00e9s Nous sommes une organisation guid\u00e9e par des valeurs. Une entreprise qui fonctionne selon ses valeurs est une entreprise qui atteindra toujours [&hellip;]<\/p>","protected":false},"author":1,"featured_media":0,"parent":0,"menu_order":0,"comment_status":"closed","ping_status":"closed","template":"tmpl\/template-fullwidth.php","meta":{"_acf_changed":false,"inline_featured_image":false,"footnotes":""},"class_list":["post-825","page","type-page","status-publish","hentry"],"acf":[],"_hostinger_reach_plugin_has_subscription_block":false,"_hostinger_reach_plugin_is_elementor":false,"_links":{"self":[{"href":"https:\/\/digital-egypt.com\/en\/wp-json\/wp\/v2\/pages\/825","targetHints":{"allow":["GET"]}}],"collection":[{"href":"https:\/\/digital-egypt.com\/en\/wp-json\/wp\/v2\/pages"}],"about":[{"href":"https:\/\/digital-egypt.com\/en\/wp-json\/wp\/v2\/types\/page"}],"author":[{"embeddable":true,"href":"https:\/\/digital-egypt.com\/en\/wp-json\/wp\/v2\/users\/1"}],"replies":[{"embeddable":true,"href":"https:\/\/digital-egypt.com\/en\/wp-json\/wp\/v2\/comments?post=825"}],"version-history":[{"count":13,"href":"https:\/\/digital-egypt.com\/en\/wp-json\/wp\/v2\/pages\/825\/revisions"}],"predecessor-version":[{"id":1611,"href":"https:\/\/digital-egypt.com\/en\/wp-json\/wp\/v2\/pages\/825\/revisions\/1611"}],"wp:attachment":[{"href":"https:\/\/digital-egypt.com\/en\/wp-json\/wp\/v2\/media?parent=825"}],"curies":[{"name":"wp","href":"https:\/\/api.w.org\/{rel}","templated":true}]}}