{"id":31,"date":"2023-08-10T02:12:26","date_gmt":"2023-08-10T02:12:26","guid":{"rendered":"https:\/\/live.21lab.co\/mlab\/?page_id=31"},"modified":"2025-11-03T10:49:51","modified_gmt":"2025-11-03T10:49:51","slug":"careers","status":"publish","type":"page","link":"https:\/\/digital-egypt.com\/ar\/careers\/","title":{"rendered":"Careers"},"content":{"rendered":"<div data-elementor-type=\"wp-page\" data-elementor-id=\"31\" class=\"elementor elementor-31\">\n\t\t\t\t\t\t<div class=\"elementor-section elementor-top-section elementor-element elementor-element-e1b9081 elementor-section-full_width bgDark elementor-section-height-default elementor-section-height-default\" data-id=\"e1b9081\" data-element_type=\"section\" data-settings=\"{&quot;shape_divider_bottom&quot;:&quot;pyramids&quot;}\">\n\t\t\t\t\t<div class=\"elementor-shape elementor-shape-bottom\" aria-hidden=\"true\" data-negative=\"false\">\n\t\t\t<svg xmlns=\"http:\/\/www.w3.org\/2000\/svg\" viewbox=\"0 0 1000 100\" preserveaspectratio=\"none\">\n\t<path class=\"elementor-shape-fill\" d=\"M761.9,44.1L643.1,27.2L333.8,98L0,3.8V0l1000,0v3.9\"\/>\n<\/svg>\t\t<\/div>\n\t\t\t\t\t<div class=\"elementor-container elementor-column-gap-no\">\n\t\t\t\t\t<div class=\"elementor-column elementor-col-100 elementor-top-column elementor-element elementor-element-e240536\" data-id=\"e240536\" data-element_type=\"column\">\n\t\t\t<div class=\"elementor-widget-wrap elementor-element-populated\">\n\t\t\t\t\t\t<div class=\"elementor-element elementor-element-12a9b74 elementor-widget-divider--view-line elementor-widget elementor-widget-divider\" data-id=\"12a9b74\" data-element_type=\"widget\" data-widget_type=\"divider.default\">\n\t\t\t\t\t\t\t<div class=\"elementor-divider\">\n\t\t\t<span class=\"elementor-divider-separator\">\n\t\t\t\t\t\t<\/span>\n\t\t<\/div>\n\t\t\t\t\t\t<\/div>\n\t\t\t\t<div class=\"elementor-section elementor-inner-section elementor-element elementor-element-05ef803 elementor-section-boxed elementor-section-height-default elementor-section-height-default\" data-id=\"05ef803\" data-element_type=\"section\">\n\t\t\t\t\t\t<div class=\"elementor-container elementor-column-gap-extended\">\n\t\t\t\t\t<div class=\"elementor-column elementor-col-100 elementor-inner-column elementor-element elementor-element-f53a897\" data-id=\"f53a897\" data-element_type=\"column\">\n\t\t\t<div class=\"elementor-widget-wrap elementor-element-populated\">\n\t\t\t\t\t\t<div class=\"elementor-element elementor-element-1247fcf elementor-widget elementor-widget-heading\" data-id=\"1247fcf\" data-element_type=\"widget\" data-widget_type=\"heading.default\">\n\t\t\t\t\t<h6 class=\"elementor-heading-title elementor-size-default\">Carri\u00e8res et culture<\/h6>\t\t\t\t<\/div>\n\t\t\t\t<div class=\"elementor-element elementor-element-a0df667 elementor-widget elementor-widget-heading\" data-id=\"a0df667\" data-element_type=\"widget\" data-widget_type=\"heading.default\">\n\t\t\t\t\t<h2 class=\"elementor-heading-title elementor-size-default\">Votre prochain poste se trouve peut \u00eatre  ici ...<\/h2>\t\t\t\t<\/div>\n\t\t\t\t<div class=\"elementor-element elementor-element-3b18f71 elementor-widget elementor-widget-text-editor\" data-id=\"3b18f71\" data-element_type=\"widget\" data-widget_type=\"text-editor.default\">\n\t\t\t\t\t\t\t\t\t<p>Vous souhaitez franchir une nouvelle \u00e9tape dans votre carri\u00e8re ?<\/p>\t\t\t\t\t\t\t\t<\/div>\n\t\t\t\t\t<\/div>\n\t\t<\/div>\n\t\t\t\t\t<\/div>\n\t\t<\/div>\n\t\t\t\t<div class=\"elementor-section elementor-inner-section elementor-element elementor-element-e8fcead elementor-section-full_width elementor-section-height-default elementor-section-height-default\" data-id=\"e8fcead\" data-element_type=\"section\" data-settings=\"{&quot;background_background&quot;:&quot;classic&quot;}\">\n\t\t\t\t\t\t<div class=\"elementor-container elementor-column-gap-default\">\n\t\t\t\t\t<div class=\"elementor-column elementor-col-100 elementor-inner-column elementor-element elementor-element-f982b5a\" data-id=\"f982b5a\" data-element_type=\"column\">\n\t\t\t<div class=\"elementor-widget-wrap elementor-element-populated\">\n\t\t\t\t\t\t<div class=\"elementor-element elementor-element-0ce4462 elementor-widget elementor-widget-spacer\" data-id=\"0ce4462\" data-element_type=\"widget\" data-widget_type=\"spacer.default\">\n\t\t\t\t\t\t\t<div class=\"elementor-spacer\">\n\t\t\t<div class=\"elementor-spacer-inner\"><\/div>\n\t\t<\/div>\n\t\t\t\t\t\t<\/div>\n\t\t\t\t\t<\/div>\n\t\t<\/div>\n\t\t\t\t\t<\/div>\n\t\t<\/div>\n\t\t\t\t\t<\/div>\n\t\t<\/div>\n\t\t\t\t\t<\/div>\n\t\t<\/div>\n\t\t\t\t<div class=\"elementor-section elementor-top-section elementor-element elementor-element-133fef6 elementor-section-boxed elementor-section-height-default elementor-section-height-default\" data-id=\"133fef6\" data-element_type=\"section\" data-settings=\"{&quot;background_background&quot;:&quot;classic&quot;}\">\n\t\t\t\t\t\t<div class=\"elementor-container elementor-column-gap-default\">\n\t\t\t\t\t<div class=\"elementor-column elementor-col-100 elementor-top-column elementor-element elementor-element-33c96f9\" data-id=\"33c96f9\" data-element_type=\"column\">\n\t\t\t<div class=\"elementor-widget-wrap elementor-element-populated\">\n\t\t\t\t\t\t<div class=\"elementor-section elementor-inner-section elementor-element elementor-element-6556a68 elementor-section-boxed elementor-section-height-default elementor-section-height-default\" data-id=\"6556a68\" data-element_type=\"section\">\n\t\t\t\t\t\t<div class=\"elementor-container elementor-column-gap-extended\">\n\t\t\t\t\t<div class=\"elementor-column elementor-col-50 elementor-inner-column elementor-element elementor-element-cb69b33\" data-id=\"cb69b33\" data-element_type=\"column\">\n\t\t\t<div class=\"elementor-widget-wrap elementor-element-populated\">\n\t\t\t\t\t\t<div class=\"elementor-element elementor-element-d184f4f elementor-widget elementor-widget-heading\" data-id=\"d184f4f\" data-element_type=\"widget\" data-widget_type=\"heading.default\">\n\t\t\t\t\t<h6 class=\"elementor-heading-title elementor-size-default\">Notre proc\u00e9dure d'embauche<\/h6>\t\t\t\t<\/div>\n\t\t\t\t<div class=\"elementor-element elementor-element-53fad29 elementor-hidden-mobile elementor-widget elementor-widget-heading\" data-id=\"53fad29\" data-element_type=\"widget\" data-widget_type=\"heading.default\">\n\t\t\t\t\t<h2 class=\"elementor-heading-title elementor-size-default\">Voici les 3 \u00e9tapes du processus de s\u00e9lection pour l'embauche de personnel. Parlez-nous de vos comp\u00e9tences et de vos aspirations.<\/h2>\t\t\t\t<\/div>\n\t\t\t\t<div class=\"elementor-element elementor-element-94f7c24 button dark md has-arrow down  elementor-hidden-tablet elementor-hidden-mobile elementor-widget__width-initial elementor-widget elementor-widget-button\" data-id=\"94f7c24\" data-element_type=\"widget\" data-widget_type=\"button.default\">\n\t\t\t\t\t\t\t\t\t\t<a class=\"elementor-button elementor-button-link elementor-size-sm\" href=\"#\">\n\t\t\t\t\t\t<span class=\"elementor-button-content-wrapper\">\n\t\t\t\t\t\t\t\t\t<span class=\"elementor-button-text\">Envoyer un CV<\/span>\n\t\t\t\t\t<\/span>\n\t\t\t\t\t<\/a>\n\t\t\t\t\t\t\t\t<\/div>\n\t\t\t\t\t<\/div>\n\t\t<\/div>\n\t\t\t\t<div class=\"elementor-column elementor-col-50 elementor-inner-column elementor-element elementor-element-0dceb4b\" data-id=\"0dceb4b\" data-element_type=\"column\">\n\t\t\t<div class=\"elementor-widget-wrap elementor-element-populated\">\n\t\t\t\t\t\t<div class=\"elementor-element elementor-element-bb77a26 pp-info-list-icon-top pp-info-list-icon-horizontal-left pp-info-list-stack-mobile elementor-widget elementor-widget-pp-info-list\" data-id=\"bb77a26\" data-element_type=\"widget\" data-widget_type=\"pp-info-list.default\">\n\t\t\t\t\t\t\t<div class=\"pp-info-list-container pp-list-container pp-info-list-connector\">\n\t\t\t<ul class=\"pp-list-items\">\n\t\t\t\t\t\t\t\t\t\t\t\t\t\t\t<li class=\"pp-info-list-item\">\n\t\t\t\t\t\t\t\t\t\t\t\t\t\t\t\t\t\t\t\t\t\t<div class=\"pp-info-list-item-inner\">\n\t\t\t\t\t\t\t\t\t\t\t\t<div class=\"pp-infolist-icon-wrapper\">\n\t\t\t\t\t\t\t\t\t\t<span class=\"pp-info-list-image\"><img decoding=\"async\" src=\"https:\/\/digital-egypt.com\/wp-content\/uploads\/2023\/09\/check-list.svg\" alt=\"check-list\"><\/span>\n\t\t\t\t\t\t\t\t\t<\/div>\n\t\t\t\t\t\t\t\t\t\t\t\t<div class=\"pp-infolist-content-wrapper\">\n\t\t\t\t\t\t\t\t\t\t\t\t\t\t\t\t\t\t\t\t\t<div class=\"pp-info-list-title\">\n\t\t\t\t\t\t\t\t\t\t\t\t\t\t\t\t\t\t\t\t\t\t\t\u00c9tape 1\t\t\t\t\t\t\t\t\t\t\t\t\t\t\t\t\t\t\t\t\t\t<\/div>\n\t\t\t\t\t\t\t\t\t\t\t\t\t\t\t\t\t\t\t\t\t\t\t\t\t\t\t\t\t\t\t<div class=\"pp-info-list-description\">\n\t\t\t\t\t\t\t\t\t\t\t\t<h3>Examen et pr\u00e9s\u00e9lection des candidats<\/h3>Examen et pr\u00e9s\u00e9lection des candidats par les chefs d&rsquo;\u00e9quipe et l&rsquo;\u00e9quipe RH\t\t\t\t\t\t\t\t\t\t\t<\/div>\n\t\t\t\t\t\t\t\t\t\t\t\t\t\t\t\t\t\t\t\t\t\t\t\t\t\t\t\t\t\t<\/div>\n\t\t\t\t\t\t\t\t<\/div>\n\t\t\t\t\t\t\t\t\t\t\t\t\t<\/li>\n\t\t\t\t\t\t\t\t\t\t\t\t\t\t\t\t\t\t\t\t\t<li class=\"pp-info-list-item\">\n\t\t\t\t\t\t\t\t\t\t\t\t\t\t\t\t\t\t\t\t\t\t<div class=\"pp-info-list-item-inner\">\n\t\t\t\t\t\t\t\t\t\t\t\t<div class=\"pp-infolist-icon-wrapper\">\n\t\t\t\t\t\t\t\t\t\t<span class=\"pp-info-list-image\"><img decoding=\"async\" src=\"https:\/\/digital-egypt.com\/wp-content\/uploads\/2023\/09\/users-meeting.svg\" alt=\"users-meeting\"><\/span>\n\t\t\t\t\t\t\t\t\t<\/div>\n\t\t\t\t\t\t\t\t\t\t\t\t<div class=\"pp-infolist-content-wrapper\">\n\t\t\t\t\t\t\t\t\t\t\t\t\t\t\t\t\t\t\t\t\t<div class=\"pp-info-list-title\">\n\t\t\t\t\t\t\t\t\t\t\t\t\t\t\t\t\t\t\t\t\t\t\t\u00c9tape 2\t\t\t\t\t\t\t\t\t\t\t\t\t\t\t\t\t\t\t\t\t\t<\/div>\n\t\t\t\t\t\t\t\t\t\t\t\t\t\t\t\t\t\t\t\t\t\t\t\t\t\t\t\t\t\t\t<div class=\"pp-info-list-description\">\n\t\t\t\t\t\t\t\t\t\t\t\t<h3>Entretien avec un panel de membres seniors<\/h3>Entretien avec le vice-pr\u00e9sident\/directeur g\u00e9n\u00e9ral et le PDG, en personne ou via Google Meet\t\t\t\t\t\t\t\t\t\t\t<\/div>\n\t\t\t\t\t\t\t\t\t\t\t\t\t\t\t\t\t\t\t\t\t\t\t\t\t\t\t\t\t\t<\/div>\n\t\t\t\t\t\t\t\t<\/div>\n\t\t\t\t\t\t\t\t\t\t\t\t\t<\/li>\n\t\t\t\t\t\t\t\t\t\t\t\t\t\t\t\t\t\t\t\t\t<li class=\"pp-info-list-item\">\n\t\t\t\t\t\t\t\t\t\t\t\t\t\t\t\t\t\t\t\t\t\t<div class=\"pp-info-list-item-inner\">\n\t\t\t\t\t\t\t\t\t\t\t\t<div class=\"pp-infolist-icon-wrapper\">\n\t\t\t\t\t\t\t\t\t\t<span class=\"pp-info-list-image\"><img decoding=\"async\" src=\"https:\/\/digital-egypt.com\/wp-content\/uploads\/2023\/09\/privacy-policy.svg\" alt=\"privacy-policy\"><\/span>\n\t\t\t\t\t\t\t\t\t<\/div>\n\t\t\t\t\t\t\t\t\t\t\t\t<div class=\"pp-infolist-content-wrapper\">\n\t\t\t\t\t\t\t\t\t\t\t\t\t\t\t\t\t\t\t\t\t<div class=\"pp-info-list-title\">\n\t\t\t\t\t\t\t\t\t\t\t\t\t\t\t\t\t\t\t\t\t\t\t\u00c9tape 3\t\t\t\t\t\t\t\t\t\t\t\t\t\t\t\t\t\t\t\t\t\t<\/div>\n\t\t\t\t\t\t\t\t\t\t\t\t\t\t\t\t\t\t\t\t\t\t\t\t\t\t\t\t\t\t\t<div class=\"pp-info-list-description\">\n\t\t\t\t\t\t\t\t\t\t\t\t<h3>Examen et finalisation des candidats embauch\u00e9s<\/h3>Finalisation de l&#8217;embauche des candidats par l&rsquo;\u00e9quipe RH\t\t\t\t\t\t\t\t\t\t\t<\/div>\n\t\t\t\t\t\t\t\t\t\t\t\t\t\t\t\t\t\t\t\t\t\t\t\t\t\t\t\t\t\t<\/div>\n\t\t\t\t\t\t\t\t<\/div>\n\t\t\t\t\t\t\t\t\t\t\t\t\t<\/li>\n\t\t\t\t\t\t\t\t\t\t\t\t\t<\/ul>\n\t\t<\/div>\n\t\t\t\t\t\t<\/div>\n\t\t\t\t\t<\/div>\n\t\t<\/div>\n\t\t\t\t\t<\/div>\n\t\t<\/div>\n\t\t\t\t\t<\/div>\n\t\t<\/div>\n\t\t\t\t\t<\/div>\n\t\t<\/div>\n\t\t\t\t<div class=\"elementor-section elementor-top-section elementor-element elementor-element-a0d546e elementor-section-boxed elementor-section-height-default elementor-section-height-default\" data-id=\"a0d546e\" data-element_type=\"section\">\n\t\t\t\t\t\t<div class=\"elementor-container elementor-column-gap-extended\">\n\t\t\t\t\t<div class=\"elementor-column elementor-col-50 elementor-top-column elementor-element elementor-element-a4ae0e1\" data-id=\"a4ae0e1\" data-element_type=\"column\">\n\t\t\t<div class=\"elementor-widget-wrap elementor-element-populated\">\n\t\t\t\t\t\t<div class=\"elementor-element elementor-element-e7ea63c elementor-widget elementor-widget-image\" data-id=\"e7ea63c\" data-element_type=\"widget\" data-widget_type=\"image.default\">\n\t\t\t\t\t\t\t\t\t\t\t\t\t\t\t<img fetchpriority=\"high\" decoding=\"async\" width=\"470\" height=\"470\" src=\"https:\/\/digital-egypt.com\/wp-content\/uploads\/2023\/08\/img9.jpg\" class=\"attachment-large size-large wp-image-414\" alt=\"\" srcset=\"https:\/\/digital-egypt.com\/wp-content\/uploads\/2023\/08\/img9.jpg 470w, https:\/\/digital-egypt.com\/wp-content\/uploads\/2023\/08\/img9-300x300.jpg 300w, https:\/\/digital-egypt.com\/wp-content\/uploads\/2023\/08\/img9-150x150.jpg 150w\" sizes=\"(max-width: 470px) 100vw, 470px\" \/>\t\t\t\t\t\t\t\t\t\t\t\t\t\t\t<\/div>\n\t\t\t\t\t<\/div>\n\t\t<\/div>\n\t\t\t\t<div class=\"elementor-column elementor-col-50 elementor-top-column elementor-element elementor-element-a735f9c\" data-id=\"a735f9c\" data-element_type=\"column\">\n\t\t\t<div class=\"elementor-widget-wrap elementor-element-populated\">\n\t\t\t\t\t\t<div class=\"elementor-element elementor-element-94bb4ba elementor-widget-divider--view-line elementor-widget elementor-widget-divider\" data-id=\"94bb4ba\" data-element_type=\"widget\" data-widget_type=\"divider.default\">\n\t\t\t\t\t\t\t<div class=\"elementor-divider\">\n\t\t\t<span class=\"elementor-divider-separator\">\n\t\t\t\t\t\t<\/span>\n\t\t<\/div>\n\t\t\t\t\t\t<\/div>\n\t\t\t\t<div class=\"elementor-element elementor-element-35aee60 elementor-widget elementor-widget-heading\" data-id=\"35aee60\" data-element_type=\"widget\" data-widget_type=\"heading.default\">\n\t\t\t\t\t<h6 class=\"elementor-heading-title elementor-size-default\">NOTRE CULTURE<\/h6>\t\t\t\t<\/div>\n\t\t\t\t<div class=\"elementor-element elementor-element-0451154 elementor-widget elementor-widget-heading\" data-id=\"0451154\" data-element_type=\"widget\" data-widget_type=\"heading.default\">\n\t\t\t\t\t<h2 class=\"elementor-heading-title elementor-size-default\">Nous recherchons des perspectives diverses<\/h2>\t\t\t\t<\/div>\n\t\t\t\t<div class=\"elementor-element elementor-element-4f9b02f elementor-widget elementor-widget-text-editor\" data-id=\"4f9b02f\" data-element_type=\"widget\" data-widget_type=\"text-editor.default\">\n\t\t\t\t\t\t\t\t\t<p>Nous valorisons la diversit\u00e9 des points de vue et des parcours. En tant que groupe de personnes passionn\u00e9es et curieuses, nous \u0153uvrons ensemble \u00e0 cr\u00e9er une culture dont nous sommes fiers.\u00a0<\/p>\t\t\t\t\t\t\t\t<\/div>\n\t\t\t\t\t<\/div>\n\t\t<\/div>\n\t\t\t\t\t<\/div>\n\t\t<\/div>\n\t\t\t\t<div class=\"elementor-section elementor-top-section elementor-element elementor-element-dcc0acd elementor-section-boxed elementor-section-height-default elementor-section-height-default\" data-id=\"dcc0acd\" data-element_type=\"section\">\n\t\t\t\t\t\t<div class=\"elementor-container elementor-column-gap-extended\">\n\t\t\t\t\t<div class=\"elementor-column elementor-col-50 elementor-top-column elementor-element elementor-element-3ceaa4f\" data-id=\"3ceaa4f\" data-element_type=\"column\">\n\t\t\t<div class=\"elementor-widget-wrap elementor-element-populated\">\n\t\t\t\t\t\t<div class=\"elementor-element elementor-element-9e789cf elementor-widget elementor-widget-image\" data-id=\"9e789cf\" data-element_type=\"widget\" data-widget_type=\"image.default\">\n\t\t\t\t\t\t\t\t\t\t\t\t\t\t\t<img decoding=\"async\" width=\"470\" height=\"470\" src=\"https:\/\/digital-egypt.com\/wp-content\/uploads\/2023\/08\/img10.jpg\" class=\"attachment-large size-large wp-image-415\" alt=\"\" srcset=\"https:\/\/digital-egypt.com\/wp-content\/uploads\/2023\/08\/img10.jpg 470w, https:\/\/digital-egypt.com\/wp-content\/uploads\/2023\/08\/img10-300x300.jpg 300w, https:\/\/digital-egypt.com\/wp-content\/uploads\/2023\/08\/img10-150x150.jpg 150w\" sizes=\"(max-width: 470px) 100vw, 470px\" \/>\t\t\t\t\t\t\t\t\t\t\t\t\t\t\t<\/div>\n\t\t\t\t\t<\/div>\n\t\t<\/div>\n\t\t\t\t<div class=\"elementor-column elementor-col-50 elementor-top-column elementor-element elementor-element-560355e\" data-id=\"560355e\" data-element_type=\"column\">\n\t\t\t<div class=\"elementor-widget-wrap elementor-element-populated\">\n\t\t\t\t\t\t<div class=\"elementor-element elementor-element-954850b elementor-widget-divider--view-line elementor-widget elementor-widget-divider\" data-id=\"954850b\" data-element_type=\"widget\" data-widget_type=\"divider.default\">\n\t\t\t\t\t\t\t<div class=\"elementor-divider\">\n\t\t\t<span class=\"elementor-divider-separator\">\n\t\t\t\t\t\t<\/span>\n\t\t<\/div>\n\t\t\t\t\t\t<\/div>\n\t\t\t\t<div class=\"elementor-element elementor-element-55385b2 elementor-widget elementor-widget-heading\" data-id=\"55385b2\" data-element_type=\"widget\" data-widget_type=\"heading.default\">\n\t\t\t\t\t<h6 class=\"elementor-heading-title elementor-size-default\">Avantages \/ Pourquoi nous choisir ?<\/h6>\t\t\t\t<\/div>\n\t\t\t\t<div class=\"elementor-element elementor-element-ec700c5 elementor-widget elementor-widget-heading\" data-id=\"ec700c5\" data-element_type=\"widget\" data-widget_type=\"heading.default\">\n\t\t\t\t\t<h2 class=\"elementor-heading-title elementor-size-default\">Voici quelques-uns des avantages dont vous b\u00e9n\u00e9ficierez en tant que membre.<\/h2>\t\t\t\t<\/div>\n\t\t\t\t<div class=\"elementor-element elementor-element-1f018ba elementor-widget elementor-widget-text-editor\" data-id=\"1f018ba\" data-element_type=\"widget\" data-widget_type=\"text-editor.default\">\n\t\t\t\t\t\t\t\t\t<p>Notre philosophie en mati\u00e8re d&rsquo;avantages sociaux repose sur la volont\u00e9 de donner \u00e0 chacun tout ce dont il a besoin pour r\u00e9ussir et d&rsquo;apporter une r\u00e9elle valeur ajout\u00e9e. Nous t\u00e9moignons concr\u00e8tement de notre confiance et de notre engagement envers la communaut\u00e9 que nous b\u00e2tissons.<\/p>\t\t\t\t\t\t\t\t<\/div>\n\t\t\t\t\t<\/div>\n\t\t<\/div>\n\t\t\t\t\t<\/div>\n\t\t<\/div>\n\t\t\t\t<div class=\"elementor-section elementor-top-section elementor-element elementor-element-b82e299 elementor-section-boxed elementor-section-height-default elementor-section-height-default\" data-id=\"b82e299\" data-element_type=\"section\">\n\t\t\t\t\t\t<div class=\"elementor-container elementor-column-gap-extended\">\n\t\t\t\t\t<div class=\"elementor-column elementor-col-100 elementor-top-column elementor-element elementor-element-dc0cbea\" data-id=\"dc0cbea\" data-element_type=\"column\">\n\t\t\t<div class=\"elementor-widget-wrap elementor-element-populated\">\n\t\t\t\t\t\t<div class=\"elementor-element elementor-element-fa6c978 elementor-widget-divider--view-line elementor-widget elementor-widget-divider\" data-id=\"fa6c978\" data-element_type=\"widget\" data-widget_type=\"divider.default\">\n\t\t\t\t\t\t\t<div class=\"elementor-divider\">\n\t\t\t<span class=\"elementor-divider-separator\">\n\t\t\t\t\t\t<\/span>\n\t\t<\/div>\n\t\t\t\t\t\t<\/div>\n\t\t\t\t<div class=\"elementor-element elementor-element-65f6c01 elementor-widget elementor-widget-heading\" data-id=\"65f6c01\" data-element_type=\"widget\" data-widget_type=\"heading.default\">\n\t\t\t\t\t<h2 class=\"elementor-heading-title elementor-size-default\">Nos derniers postes \u00e0 pourvoir<\/h2>\t\t\t\t<\/div>\n\t\t\t\t<div class=\"elementor-element elementor-element-c08b221 elementor-widget elementor-widget-text-editor\" data-id=\"c08b221\" data-element_type=\"widget\" data-widget_type=\"text-editor.default\">\n\t\t\t\t\t\t\t\t\t<table class=\"style2\">\n<thead>\n<tr>\n<th>Role<\/th>\n<th>Location<\/th>\n<th>Type<\/th>\n<th>Other<\/th>\n<th><\/th>\n<\/tr>\n<\/thead>\n<tbody>\n<tr>\n<td><a href=\"#\"><strong>Project Manager Consulting <\/strong><\/a><\/td>\n<td>New York<\/td>\n<td>Full Time<\/td>\n<td>1 Year of experience<\/td>\n<td class=\"text-right\"><a class=\"button small\" href=\"#\">Apply Now<\/a><\/td>\n<\/tr>\n<tr>\n<td><a href=\"#\"><strong>HR Automation &amp; System Transformation <\/strong><\/a><\/td>\n<td>London<\/td>\n<td>\n<p class=\"p1\"><span class=\"s1\">On-site<\/span><\/p>\n<\/td>\n<td>\n<p class=\"p1\"><span class=\"s1\">3 &#8211; 4 Years<\/span><\/p>\n<\/td>\n<td class=\"text-right\"><a class=\"button small\" href=\"#\">Apply Now<\/a><\/td>\n<\/tr>\n<tr>\n<td><a href=\"#\"><strong>Business Analyst &#8211; Assistant Manager <\/strong><\/a><\/td>\n<td>\n<p class=\"p1\"><span class=\"s1\">Delhi<\/span><\/p>\n<\/td>\n<td>\n<p class=\"p1\"><span class=\"s1\">Remote<\/span><\/p>\n<\/td>\n<td><span class=\"s1\">1 &#8211; 2 Years<\/span><\/td>\n<td class=\"text-right\"><a class=\"button small\" href=\"#\">Apply Now<\/a><\/td>\n<\/tr>\n<tr>\n<td><a href=\"#\"><strong>Senior \/ Key Account Manager <\/strong><\/a><\/td>\n<td>New York<\/td>\n<td>\n<p class=\"p1\"><span class=\"s1\">Hybrid<\/span><\/p>\n<\/td>\n<td>3 &#8211; 4 Years<\/td>\n<td class=\"text-right\"><a class=\"button small\" href=\"#\">Apply Now<\/a><\/td>\n<\/tr>\n<tr>\n<td><a href=\"#\"><strong>Insights Analyst &#8211; Assistant Manager <\/strong><\/a><\/td>\n<td>\n<p class=\"p1\"><span class=\"s1\">Delhi<\/span><\/p>\n<\/td>\n<td>Full Time<\/td>\n<td>5 &#8211; 7 Years<\/td>\n<td class=\"text-right\"><a class=\"button small\" href=\"#\">Apply Now<\/a><\/td>\n<\/tr>\n<tr>\n<td><strong><a href=\"#\">Growth Management &#8211; General Manager <\/a><\/strong><\/td>\n<td>London<\/td>\n<td>\n<p class=\"p1\"><span class=\"s1\">Remote<\/span><\/p>\n<\/td>\n<td>1 Year of experience<\/td>\n<td class=\"text-right\"><a class=\"button small disabled\" href=\"#\">Apply Now<\/a><\/td>\n<\/tr>\n<\/tbody>\n<\/table>\t\t\t\t\t\t\t\t<\/div>\n\t\t\t\t<div class=\"elementor-element elementor-element-a1d3443 elementor-widget elementor-widget-text-editor\" data-id=\"a1d3443\" data-element_type=\"widget\" data-widget_type=\"text-editor.default\">\n\t\t\t\t\t\t\t\t\t<p><span dir=\"auto\">Nous sommes toujours \u00e0 la recherche de personnes talentueuses pour rejoindre notre \u00e9quipe. Suivez-nous sur\u00a0<\/span><a href=\"https:\/\/digital-egypt.com\/careers\/#\"><strong><span dir=\"auto\">LinkedIn<\/span><\/strong><\/a><span dir=\"auto\">\u00a0!<\/span><\/p>\t\t\t\t\t\t\t\t<\/div>\n\t\t\t\t\t<\/div>\n\t\t<\/div>\n\t\t\t\t\t<\/div>\n\t\t<\/div>\n\t\t\t\t<\/div>","protected":false},"excerpt":{"rendered":"<p>Carri\u00e8res et culture Votre prochain poste se trouve peut \u00eatre ici &#8230; Vous souhaitez franchir une nouvelle \u00e9tape dans votre carri\u00e8re ? Notre proc\u00e9dure d&#8217;embauche Voici les 3 \u00e9tapes du processus de s\u00e9lection pour l&#8217;embauche de personnel. Parlez-nous de vos comp\u00e9tences et de vos aspirations. Envoyer un CV \u00c9tape 1 Examen et pr\u00e9s\u00e9lection des candidats [&hellip;]<\/p>","protected":false},"author":1,"featured_media":0,"parent":0,"menu_order":0,"comment_status":"closed","ping_status":"closed","template":"tmpl\/template-fullwidth.php","meta":{"_acf_changed":false,"inline_featured_image":false,"footnotes":""},"class_list":["post-31","page","type-page","status-publish","hentry"],"acf":[],"_hostinger_reach_plugin_has_subscription_block":false,"_hostinger_reach_plugin_is_elementor":false,"_links":{"self":[{"href":"https:\/\/digital-egypt.com\/ar\/wp-json\/wp\/v2\/pages\/31","targetHints":{"allow":["GET"]}}],"collection":[{"href":"https:\/\/digital-egypt.com\/ar\/wp-json\/wp\/v2\/pages"}],"about":[{"href":"https:\/\/digital-egypt.com\/ar\/wp-json\/wp\/v2\/types\/page"}],"author":[{"embeddable":true,"href":"https:\/\/digital-egypt.com\/ar\/wp-json\/wp\/v2\/users\/1"}],"replies":[{"embeddable":true,"href":"https:\/\/digital-egypt.com\/ar\/wp-json\/wp\/v2\/comments?post=31"}],"version-history":[{"count":16,"href":"https:\/\/digital-egypt.com\/ar\/wp-json\/wp\/v2\/pages\/31\/revisions"}],"predecessor-version":[{"id":1864,"href":"https:\/\/digital-egypt.com\/ar\/wp-json\/wp\/v2\/pages\/31\/revisions\/1864"}],"wp:attachment":[{"href":"https:\/\/digital-egypt.com\/ar\/wp-json\/wp\/v2\/media?parent=31"}],"curies":[{"name":"wp","href":"https:\/\/api.w.org\/{rel}","templated":true}]}}